{"id":82,"date":"2024-02-05T09:42:45","date_gmt":"2024-02-05T07:42:45","guid":{"rendered":"https:\/\/lm.pelk.one\/?page_id=82"},"modified":"2025-10-14T17:49:15","modified_gmt":"2025-10-14T14:49:15","slug":"idanpaan-torppa","status":"publish","type":"page","link":"https:\/\/lounasmesta.fi\/?page_id=82","title":{"rendered":"Id\u00e4np\u00e4\u00e4n torppa"},"content":{"rendered":"\n<div class=\"wp-block-cover alignfull is-light\"><img loading=\"lazy\" decoding=\"async\" width=\"1000\" height=\"750\" class=\"wp-block-cover__image-background wp-image-102\" alt=\"idanpaan_torppa\" src=\"https:\/\/lounasmesta.fi\/wp-content\/uploads\/2024\/02\/00000122647_00000465154-jpg.webp\" data-object-fit=\"cover\" srcset=\"https:\/\/lounasmesta.fi\/wp-content\/uploads\/2024\/02\/00000122647_00000465154-jpg.webp 1000w, https:\/\/lounasmesta.fi\/wp-content\/uploads\/2024\/02\/00000122647_00000465154-300x225.webp 300w, https:\/\/lounasmesta.fi\/wp-content\/uploads\/2024\/02\/00000122647_00000465154-768x576.webp 768w\" sizes=\"auto, (max-width: 1000px) 100vw, 1000px\" \/><span aria-hidden=\"true\" class=\"wp-block-cover__background has-background-dim-70 has-background-dim\" style=\"background-color:#7c8da6\"><\/span><div class=\"wp-block-cover__inner-container is-layout-constrained wp-block-cover-is-layout-constrained\">\n<p class=\"has-text-align-center has-ast-global-color-5-color has-text-color has-link-color has-x-large-font-size wp-elements-1f33bf539fbb66767e84dba00502a392\" style=\"line-height:1.6\">Id\u00e4np\u00e4\u00e4n torppa<\/p>\n<\/div><\/div>\n\n\n\n<div style=\"height:40px\" aria-hidden=\"true\" class=\"wp-block-spacer\"><\/div>\n\n\n\n<p>Id\u00e4np\u00e4\u00e4n torppa on hieno juhlatila H\u00e4meenlinnassa. Vuokraamme torppaa kaikenlaisiin tilaisuuksiin. Torpassa voitte j\u00e4rjest\u00e4\u00e4 juhlat, kokoukset ja vaikka tanssi- tai jumppatunnin. Juhliin voi tuoda tarjottavat itse. Torpan pitopalvelusta vastaa Juhlamesta Kainulainen Oy. Tarjouspyynn\u00f6t s\u00e4hk\u00f6postilla <a href=\"mailto:idanpaantorppa@pp4.inet.fi\"><strong>idanpaantorppa@pp4.inet.fi<\/strong><\/a>. Luethan huolellisesti<strong> <a href=\"https:\/\/lounasmesta.fi\/wp-content\/uploads\/2025\/10\/Idanpaan-torpan-vuokrausehdot.pdf\">vuokrausehdot<\/a><\/strong> ja noudatat niit\u00e4.<\/p>\n\n\n\n<h3 class=\"wp-block-heading\">Hinnasto<\/h3>\n\n\n\n<div class=\"wp-block-columns is-not-stacked-on-mobile is-layout-flex wp-container-core-columns-is-layout-a158fb34 wp-block-columns-is-layout-flex\" style=\"padding-top:var(--wp--preset--spacing--20);padding-right:0;padding-bottom:var(--wp--preset--spacing--20);padding-left:0\">\n<div class=\"wp-block-column is-layout-flow wp-block-column-is-layout-flow\" style=\"flex-basis:66.66%\">\n<p>Pe klo 7.00 &#8211; Su klo 14.00<\/p>\n\n\n\n<p>Pe klo 7.00 &#8211; La klo 10.00<\/p>\n\n\n\n<p>La klo 10.00 &#8211; Su klo 14.00<\/p>\n\n\n\n<p>Su klo 14.00 alkaen<\/p>\n\n\n\n<p>Viikolla<\/p>\n<\/div>\n\n\n\n<div class=\"wp-block-column is-layout-flow wp-block-column-is-layout-flow\" style=\"flex-basis:33.33%\">\n<p>alkaen 600\u20ac<\/p>\n\n\n\n<p>350\u20ac<\/p>\n\n\n\n<p>400\u20ac<\/p>\n\n\n\n<p>250\u20ac<\/p>\n\n\n\n<p>35\u20ac\/h<\/p>\n<\/div>\n<\/div>\n\n\n\n<p>Arkipyhin\u00e4 vuokra on sama kuin viikonloppuisin. Astiavuokra alkaen 120\u20ac, tuolinp\u00e4\u00e4lliset 2\u20ac\/kpl (yht. 120kpl). Tarjoamme my\u00f6s loppusiivouksen hintaan 235\u20ac sis. alv 25,5%.<\/p>\n\n\n\n<h3 class=\"wp-block-heading\">Ohjelmaa<\/h3>\n\n\n\n<p>Meilt\u00e4 saa my\u00f6s tilattua ohjelmaa tarvittaessa. Kauttamme hoituu esimerkiksi DJ-palvelut tai vaikka standup-komediaa. Mainitse tarpeistasi varauksen yhteydess\u00e4.<\/p>\n\n\n\n<h3 class=\"wp-block-heading\">Varaaminen<\/h3>\n\n\n\n<p>Varauksia otamme vastaan ainoastaan puhelimitse tai s\u00e4hk\u00f6postilla<strong> <a href=\"mailto:juhlamesta@pp4.inet.fi\">juhlamesta@pp4.inet.fi<\/a><\/strong><\/p>\n\n\n\n<p>Alla olevasta kalenterista voit tarkastaa juhlatilan saatavuuden haluamallasi ajankohdalla. <a href=\"https:\/\/lounasmesta.fi\/wp-content\/uploads\/2025\/10\/Idanpaan-torpan-vuokrausehdot.pdf\"><strong>Vuokrausehdot<\/strong><\/a><\/p>\n\n\n\n<iframe loading=\"lazy\" src=\"https:\/\/calendar.google.com\/calendar\/embed?src=cf8aaa5d7bc0c4f0b0c2c60a9c534d9afbed25ff2b8f906e7f65ef11db1c46f6%40group.calendar.google.com&#038;ctz=Europe%2FHelsinki\" style=\"border: 0\" width=\"100%\" height=\"600\" frameborder=\"0\" scrolling=\"no\"><\/iframe>\n\n\n\n<div style=\"height:70px\" aria-hidden=\"true\" class=\"wp-block-spacer\"><\/div>\n\n\n\n<h3 class=\"wp-block-heading\">Kuvia torpasta<\/h3>\n\n\n\n<figure class=\"wp-block-gallery has-nested-images columns-default is-cropped wp-block-gallery-1 is-layout-flex wp-block-gallery-is-layout-flex\">\n<figure class=\"wp-block-image size-large\"><img loading=\"lazy\" decoding=\"async\" width=\"768\" height=\"1024\" data-id=\"136\" src=\"https:\/\/lm.pelk.one\/wp-content\/uploads\/2024\/02\/torppa1-768x1024.webp\" alt=\"\" class=\"wp-image-136\" srcset=\"https:\/\/lounasmesta.fi\/wp-content\/uploads\/2024\/02\/torppa1-768x1024.webp 768w, https:\/\/lounasmesta.fi\/wp-content\/uploads\/2024\/02\/torppa1-225x300.webp 225w, https:\/\/lounasmesta.fi\/wp-content\/uploads\/2024\/02\/torppa1-1152x1536.webp 1152w, https:\/\/lounasmesta.fi\/wp-content\/uploads\/2024\/02\/torppa1-jpg.webp 1179w\" sizes=\"auto, (max-width: 768px) 100vw, 768px\" \/><\/figure>\n\n\n\n<figure class=\"wp-block-image size-large\"><img loading=\"lazy\" decoding=\"async\" width=\"768\" height=\"1024\" data-id=\"135\" src=\"https:\/\/lm.pelk.one\/wp-content\/uploads\/2024\/02\/torppa2-768x1024.webp\" alt=\"\" class=\"wp-image-135\" srcset=\"https:\/\/lounasmesta.fi\/wp-content\/uploads\/2024\/02\/torppa2-768x1024.webp 768w, https:\/\/lounasmesta.fi\/wp-content\/uploads\/2024\/02\/torppa2-225x300.webp 225w, https:\/\/lounasmesta.fi\/wp-content\/uploads\/2024\/02\/torppa2-1152x1536.webp 1152w, https:\/\/lounasmesta.fi\/wp-content\/uploads\/2024\/02\/torppa2-jpg.webp 1179w\" sizes=\"auto, (max-width: 768px) 100vw, 768px\" \/><\/figure>\n\n\n\n<figure class=\"wp-block-image size-large\"><img loading=\"lazy\" decoding=\"async\" width=\"768\" height=\"1024\" data-id=\"134\" src=\"https:\/\/lm.pelk.one\/wp-content\/uploads\/2024\/02\/torppa3-768x1024.webp\" alt=\"\" class=\"wp-image-134\" srcset=\"https:\/\/lounasmesta.fi\/wp-content\/uploads\/2024\/02\/torppa3-768x1024.webp 768w, https:\/\/lounasmesta.fi\/wp-content\/uploads\/2024\/02\/torppa3-225x300.webp 225w, https:\/\/lounasmesta.fi\/wp-content\/uploads\/2024\/02\/torppa3-1152x1536.webp 1152w, https:\/\/lounasmesta.fi\/wp-content\/uploads\/2024\/02\/torppa3-jpg.webp 1179w\" sizes=\"auto, (max-width: 768px) 100vw, 768px\" \/><\/figure>\n\n\n\n<figure class=\"wp-block-image size-large\"><img loading=\"lazy\" decoding=\"async\" width=\"768\" height=\"1024\" data-id=\"133\" src=\"https:\/\/lm.pelk.one\/wp-content\/uploads\/2024\/02\/torppa4-768x1024.webp\" alt=\"\" class=\"wp-image-133\" srcset=\"https:\/\/lounasmesta.fi\/wp-content\/uploads\/2024\/02\/torppa4-768x1024.webp 768w, https:\/\/lounasmesta.fi\/wp-content\/uploads\/2024\/02\/torppa4-225x300.webp 225w, https:\/\/lounasmesta.fi\/wp-content\/uploads\/2024\/02\/torppa4-1152x1536.webp 1152w, https:\/\/lounasmesta.fi\/wp-content\/uploads\/2024\/02\/torppa4-jpg.webp 1179w\" sizes=\"auto, (max-width: 768px) 100vw, 768px\" \/><\/figure>\n\n\n\n<figure class=\"wp-block-image size-large\"><img loading=\"lazy\" decoding=\"async\" width=\"1000\" height=\"750\" data-id=\"102\" src=\"https:\/\/lm.pelk.one\/wp-content\/uploads\/2024\/02\/00000122647_00000465154-jpg.webp\" alt=\"\" class=\"wp-image-102\" srcset=\"https:\/\/lounasmesta.fi\/wp-content\/uploads\/2024\/02\/00000122647_00000465154-jpg.webp 1000w, https:\/\/lounasmesta.fi\/wp-content\/uploads\/2024\/02\/00000122647_00000465154-300x225.webp 300w, https:\/\/lounasmesta.fi\/wp-content\/uploads\/2024\/02\/00000122647_00000465154-768x576.webp 768w\" sizes=\"auto, (max-width: 1000px) 100vw, 1000px\" \/><\/figure>\n\n\n\n<figure class=\"wp-block-image size-large\"><img loading=\"lazy\" decoding=\"async\" width=\"1000\" height=\"750\" data-id=\"101\" src=\"https:\/\/lm.pelk.one\/wp-content\/uploads\/2024\/02\/00000122659_00000465166-jpg.webp\" alt=\"\" class=\"wp-image-101\" srcset=\"https:\/\/lounasmesta.fi\/wp-content\/uploads\/2024\/02\/00000122659_00000465166-jpg.webp 1000w, https:\/\/lounasmesta.fi\/wp-content\/uploads\/2024\/02\/00000122659_00000465166-300x225.webp 300w, https:\/\/lounasmesta.fi\/wp-content\/uploads\/2024\/02\/00000122659_00000465166-768x576.webp 768w\" sizes=\"auto, (max-width: 1000px) 100vw, 1000px\" \/><\/figure>\n\n\n\n<figure class=\"wp-block-image size-large\"><img loading=\"lazy\" decoding=\"async\" width=\"1000\" height=\"750\" data-id=\"100\" src=\"https:\/\/lm.pelk.one\/wp-content\/uploads\/2024\/02\/00000122660_00000465167-jpg.webp\" alt=\"\" class=\"wp-image-100\" srcset=\"https:\/\/lounasmesta.fi\/wp-content\/uploads\/2024\/02\/00000122660_00000465167-jpg.webp 1000w, https:\/\/lounasmesta.fi\/wp-content\/uploads\/2024\/02\/00000122660_00000465167-300x225.webp 300w, https:\/\/lounasmesta.fi\/wp-content\/uploads\/2024\/02\/00000122660_00000465167-768x576.webp 768w\" sizes=\"auto, (max-width: 1000px) 100vw, 1000px\" \/><\/figure>\n\n\n\n<figure class=\"wp-block-image size-large\"><img loading=\"lazy\" decoding=\"async\" width=\"1000\" height=\"750\" data-id=\"99\" src=\"https:\/\/lm.pelk.one\/wp-content\/uploads\/2024\/02\/00000122664_00000465171-jpg.webp\" alt=\"\" class=\"wp-image-99\" srcset=\"https:\/\/lounasmesta.fi\/wp-content\/uploads\/2024\/02\/00000122664_00000465171-jpg.webp 1000w, https:\/\/lounasmesta.fi\/wp-content\/uploads\/2024\/02\/00000122664_00000465171-300x225.webp 300w, https:\/\/lounasmesta.fi\/wp-content\/uploads\/2024\/02\/00000122664_00000465171-768x576.webp 768w\" sizes=\"auto, (max-width: 1000px) 100vw, 1000px\" \/><\/figure>\n\n\n\n<figure class=\"wp-block-image size-large\"><img loading=\"lazy\" decoding=\"async\" width=\"1000\" height=\"562\" data-id=\"98\" src=\"https:\/\/lm.pelk.one\/wp-content\/uploads\/2024\/02\/00000122674_00000465172-jpg.webp\" alt=\"\" class=\"wp-image-98\" srcset=\"https:\/\/lounasmesta.fi\/wp-content\/uploads\/2024\/02\/00000122674_00000465172-jpg.webp 1000w, https:\/\/lounasmesta.fi\/wp-content\/uploads\/2024\/02\/00000122674_00000465172-300x169.webp 300w, https:\/\/lounasmesta.fi\/wp-content\/uploads\/2024\/02\/00000122674_00000465172-768x432.webp 768w\" sizes=\"auto, (max-width: 1000px) 100vw, 1000px\" \/><\/figure>\n\n\n\n<figure class=\"wp-block-image size-large\"><img loading=\"lazy\" decoding=\"async\" width=\"750\" height=\"1000\" data-id=\"97\" src=\"https:\/\/lm.pelk.one\/wp-content\/uploads\/2024\/02\/00000122679_00000465177-jpg.webp\" alt=\"\" class=\"wp-image-97\" srcset=\"https:\/\/lounasmesta.fi\/wp-content\/uploads\/2024\/02\/00000122679_00000465177-jpg.webp 750w, https:\/\/lounasmesta.fi\/wp-content\/uploads\/2024\/02\/00000122679_00000465177-225x300.webp 225w\" sizes=\"auto, (max-width: 750px) 100vw, 750px\" \/><\/figure>\n\n\n\n<figure class=\"wp-block-image size-large\"><img loading=\"lazy\" decoding=\"async\" width=\"1000\" height=\"750\" data-id=\"96\" src=\"https:\/\/lm.pelk.one\/wp-content\/uploads\/2024\/02\/00000122651_00000465158-jpg.webp\" alt=\"\" class=\"wp-image-96\" srcset=\"https:\/\/lounasmesta.fi\/wp-content\/uploads\/2024\/02\/00000122651_00000465158-jpg.webp 1000w, https:\/\/lounasmesta.fi\/wp-content\/uploads\/2024\/02\/00000122651_00000465158-300x225.webp 300w, https:\/\/lounasmesta.fi\/wp-content\/uploads\/2024\/02\/00000122651_00000465158-768x576.webp 768w\" sizes=\"auto, (max-width: 1000px) 100vw, 1000px\" \/><\/figure>\n\n\n\n<figure class=\"wp-block-image size-large\"><img loading=\"lazy\" decoding=\"async\" width=\"1000\" height=\"750\" data-id=\"95\" src=\"https:\/\/lm.pelk.one\/wp-content\/uploads\/2024\/02\/00000122652_00000465159-jpg.webp\" alt=\"\" class=\"wp-image-95\" srcset=\"https:\/\/lounasmesta.fi\/wp-content\/uploads\/2024\/02\/00000122652_00000465159-jpg.webp 1000w, https:\/\/lounasmesta.fi\/wp-content\/uploads\/2024\/02\/00000122652_00000465159-300x225.webp 300w, https:\/\/lounasmesta.fi\/wp-content\/uploads\/2024\/02\/00000122652_00000465159-768x576.webp 768w\" sizes=\"auto, (max-width: 1000px) 100vw, 1000px\" \/><\/figure>\n\n\n\n<figure class=\"wp-block-image size-large\"><img loading=\"lazy\" decoding=\"async\" width=\"1000\" height=\"750\" data-id=\"94\" src=\"https:\/\/lm.pelk.one\/wp-content\/uploads\/2024\/02\/00000122654_00000465161-jpg.webp\" alt=\"\" class=\"wp-image-94\" srcset=\"https:\/\/lounasmesta.fi\/wp-content\/uploads\/2024\/02\/00000122654_00000465161-jpg.webp 1000w, https:\/\/lounasmesta.fi\/wp-content\/uploads\/2024\/02\/00000122654_00000465161-300x225.webp 300w, https:\/\/lounasmesta.fi\/wp-content\/uploads\/2024\/02\/00000122654_00000465161-768x576.webp 768w\" sizes=\"auto, (max-width: 1000px) 100vw, 1000px\" \/><\/figure>\n\n\n\n<figure class=\"wp-block-image size-large\"><img loading=\"lazy\" decoding=\"async\" width=\"1000\" height=\"750\" data-id=\"93\" src=\"https:\/\/lm.pelk.one\/wp-content\/uploads\/2024\/02\/00000122658_00000465165-jpg.webp\" alt=\"\" class=\"wp-image-93\" srcset=\"https:\/\/lounasmesta.fi\/wp-content\/uploads\/2024\/02\/00000122658_00000465165-jpg.webp 1000w, https:\/\/lounasmesta.fi\/wp-content\/uploads\/2024\/02\/00000122658_00000465165-300x225.webp 300w, https:\/\/lounasmesta.fi\/wp-content\/uploads\/2024\/02\/00000122658_00000465165-768x576.webp 768w\" sizes=\"auto, (max-width: 1000px) 100vw, 1000px\" \/><\/figure>\n<\/figure>\n","protected":false},"excerpt":{"rendered":"<p>Id\u00e4np\u00e4\u00e4n torppa on hieno juhlatila H\u00e4meenlinnassa. Vuokraamme torppaa kaikenlaisiin tilaisuuksiin. Torpassa voitte j\u00e4rjest\u00e4\u00e4 juhlat, kokoukset ja vaikka tanssi- tai jumppatunnin. [&hellip;]<\/p>\n","protected":false},"author":2,"featured_media":0,"parent":0,"menu_order":0,"comment_status":"closed","ping_status":"closed","template":"","meta":{"site-sidebar-layout":"default","site-content-layout":"","ast-site-content-layout":"","site-content-style":"default","site-sidebar-style":"default","ast-global-header-display":"","ast-banner-title-visibility":"","ast-main-header-display":"","ast-hfb-above-header-display":"","ast-hfb-below-header-display":"","ast-hfb-mobile-header-display":"","site-post-title":"disabled","ast-breadcrumbs-content":"","ast-featured-img":"","footer-sml-layout":"","theme-transparent-header-meta":"","adv-header-id-meta":"","stick-header-meta":"","header-above-stick-meta":"","header-main-stick-meta":"","header-below-stick-meta":"","astra-migrate-meta-layouts":"default","ast-page-background-enabled":"default","ast-page-background-meta":{"desktop":{"background-color":"var(--ast-global-color-4)","background-image":"","background-repeat":"repeat","background-position":"center center","background-size":"auto","background-attachment":"scroll","background-type":"","background-media":"","overlay-type":"","overlay-color":"","overlay-opacity":"","overlay-gradient":""},"tablet":{"background-color":"","background-image":"","background-repeat":"repeat","background-position":"center center","background-size":"auto","background-attachment":"scroll","background-type":"","background-media":"","overlay-type":"","overlay-color":"","overlay-opacity":"","overlay-gradient":""},"mobile":{"background-color":"","background-image":"","background-repeat":"repeat","background-position":"center center","background-size":"auto","background-attachment":"scroll","background-type":"","background-media":"","overlay-type":"","overlay-color":"","overlay-opacity":"","overlay-gradient":""}},"ast-content-background-meta":{"desktop":{"background-color":"var(--ast-global-color-5)","background-image":"","background-repeat":"repeat","background-position":"center center","background-size":"auto","background-attachment":"scroll","background-type":"","background-media":"","overlay-type":"","overlay-color":"","overlay-opacity":"","overlay-gradient":""},"tablet":{"background-color":"var(--ast-global-color-5)","background-image":"","background-repeat":"repeat","background-position":"center center","background-size":"auto","background-attachment":"scroll","background-type":"","background-media":"","overlay-type":"","overlay-color":"","overlay-opacity":"","overlay-gradient":""},"mobile":{"background-color":"var(--ast-global-color-5)","background-image":"","background-repeat":"repeat","background-position":"center center","background-size":"auto","background-attachment":"scroll","background-type":"","background-media":"","overlay-type":"","overlay-color":"","overlay-opacity":"","overlay-gradient":""}},"footnotes":""},"class_list":["post-82","page","type-page","status-publish","hentry"],"jetpack_sharing_enabled":true,"_links":{"self":[{"href":"https:\/\/lounasmesta.fi\/index.php?rest_route=\/wp\/v2\/pages\/82","targetHints":{"allow":["GET"]}}],"collection":[{"href":"https:\/\/lounasmesta.fi\/index.php?rest_route=\/wp\/v2\/pages"}],"about":[{"href":"https:\/\/lounasmesta.fi\/index.php?rest_route=\/wp\/v2\/types\/page"}],"author":[{"embeddable":true,"href":"https:\/\/lounasmesta.fi\/index.php?rest_route=\/wp\/v2\/users\/2"}],"replies":[{"embeddable":true,"href":"https:\/\/lounasmesta.fi\/index.php?rest_route=%2Fwp%2Fv2%2Fcomments&post=82"}],"version-history":[{"count":26,"href":"https:\/\/lounasmesta.fi\/index.php?rest_route=\/wp\/v2\/pages\/82\/revisions"}],"predecessor-version":[{"id":405,"href":"https:\/\/lounasmesta.fi\/index.php?rest_route=\/wp\/v2\/pages\/82\/revisions\/405"}],"wp:attachment":[{"href":"https:\/\/lounasmesta.fi\/index.php?rest_route=%2Fwp%2Fv2%2Fmedia&parent=82"}],"curies":[{"name":"wp","href":"https:\/\/api.w.org\/{rel}","templated":true}]}}